{"id":6857,"date":"2023-06-07T16:26:45","date_gmt":"2023-06-07T14:26:45","guid":{"rendered":"https:\/\/aassdn.org\/amicale\/?page_id=6857"},"modified":"2025-03-03T15:35:49","modified_gmt":"2025-03-03T14:35:49","slug":"cotisation","status":"publish","type":"page","link":"https:\/\/aassdn.org\/amicale\/cotisation\/","title":{"rendered":"Cotisation annuelle"},"content":{"rendered":"\n<p class=\"has-colibri-color-6-color has-text-color has-background\" style=\"background-color:#fff6de\">Afin de r\u00e9gler votre cotisation, cliquez sur le bouton <strong>+<\/strong> \u00e0 droite puis <strong>\u00e9tape suivante<\/strong>.<br>Indiquer <strong>uniquement les <mark style=\"background-color:rgba(0, 0, 0, 0);color:#b00404\" class=\"has-inline-color\">deux premi\u00e8res lettres <\/mark>de votre pr\u00e9nom et nom<\/strong> et si possible votre <strong>num\u00e9ro d&#8217;adh\u00e9rent<\/strong>. Cliquer ensuite sur le bouton &#8220;Ce participant va effectuer le paiement&#8221; et renseigner votre <strong>adresse email,<\/strong> puis cliquez sur <strong>\u00e9tape suivante<\/strong>. Enfin, sur la page r\u00e9capitulatif, cliquez sur modifier votre contribution au fonctionnement de HelloAsso et &#8220;Je ne souhaite pas soutenir HelloAsso&#8221; (facutlatif), puis cliquez sur Valider et payer.<\/p>\n\n\n\n<iframe id=\"haWidget\" allowtransparency=\"true\" scrolling=\"auto\" data-src=\"https:\/\/www.helloasso.com\/associations\/aassdn\/adhesions\/cotisation-2024\/widget\" style=\"width: 100%; height: 750px; border: none;\" src=\"data:image\/svg+xml;base64,PHN2ZyB3aWR0aD0iMSIgaGVpZ2h0PSIxIiB4bWxucz0iaHR0cDovL3d3dy53My5vcmcvMjAwMC9zdmciPjwvc3ZnPg==\" class=\"lazyload\" data-load-mode=\"1\"><\/iframe>\n","protected":false},"excerpt":{"rendered":"<p>Afin de r\u00e9gler votre cotisation, cliquez sur le bouton + \u00e0 droite puis \u00e9tape suivante.Indiquer uniquement les deux premi\u00e8res lettres de votre pr\u00e9nom et nom et si possible votre num\u00e9ro d&#8217;adh\u00e9rent. Cliquer ensuite sur le bouton &#8220;Ce participant va effectuer le paiement&#8221; et renseigner votre adresse email, puis cliquez sur \u00e9tape suivante. Enfin, sur la [&hellip;]<\/p>\n","protected":false},"author":1,"featured_media":0,"parent":0,"menu_order":0,"comment_status":"closed","ping_status":"closed","template":"","meta":{"_acf_changed":false,"footnotes":""},"categories":[],"class_list":["post-6857","page","type-page","status-publish","hentry"],"acf":[],"yoast_head":"<!-- This site is optimized with the Yoast SEO plugin v27.4 - https:\/\/yoast.com\/product\/yoast-seo-wordpress\/ -->\n<title>Cotisation annuelle | AASSDN | Anciens et Amis des Services Sp\u00e9ciaux<\/title>\n<meta name=\"robots\" content=\"index, follow, max-snippet:-1, max-image-preview:large, max-video-preview:-1\" \/>\n<link rel=\"canonical\" href=\"https:\/\/aassdn.org\/amicale\/cotisation\/\" \/>\n<meta property=\"og:locale\" content=\"fr_FR\" \/>\n<meta property=\"og:type\" content=\"article\" \/>\n<meta property=\"og:title\" content=\"Cotisation annuelle | AASSDN | Anciens et Amis des Services Sp\u00e9ciaux\" \/>\n<meta property=\"og:description\" content=\"Afin de r\u00e9gler votre cotisation, cliquez sur le bouton + \u00e0 droite puis \u00e9tape suivante.Indiquer uniquement les deux premi\u00e8res lettres de votre pr\u00e9nom et nom et si possible votre num\u00e9ro d&#8217;adh\u00e9rent. Cliquer ensuite sur le bouton &#8220;Ce participant va effectuer le paiement&#8221; et renseigner votre adresse email, puis cliquez sur \u00e9tape suivante. Enfin, sur la [&hellip;]\" \/>\n<meta property=\"og:url\" content=\"https:\/\/aassdn.org\/amicale\/cotisation\/\" \/>\n<meta property=\"og:site_name\" content=\"AASSDN | Anciens et Amis des Services Sp\u00e9ciaux\" \/>\n<meta property=\"article:modified_time\" content=\"2025-03-03T14:35:49+00:00\" \/>\n<meta name=\"twitter:card\" content=\"summary_large_image\" \/>\n<meta name=\"twitter:label1\" content=\"Dur\u00e9e de lecture estim\u00e9e\" \/>\n\t<meta name=\"twitter:data1\" content=\"1 minute\" \/>\n<script type=\"application\/ld+json\" class=\"yoast-schema-graph\">{\"@context\":\"https:\\\/\\\/schema.org\",\"@graph\":[{\"@type\":\"WebPage\",\"@id\":\"https:\\\/\\\/aassdn.org\\\/amicale\\\/cotisation\\\/\",\"url\":\"https:\\\/\\\/aassdn.org\\\/amicale\\\/cotisation\\\/\",\"name\":\"Cotisation annuelle | AASSDN | Anciens et Amis des Services Sp\u00e9ciaux\",\"isPartOf\":{\"@id\":\"https:\\\/\\\/aassdn.org\\\/amicale\\\/#website\"},\"datePublished\":\"2023-06-07T14:26:45+00:00\",\"dateModified\":\"2025-03-03T14:35:49+00:00\",\"breadcrumb\":{\"@id\":\"https:\\\/\\\/aassdn.org\\\/amicale\\\/cotisation\\\/#breadcrumb\"},\"inLanguage\":\"fr-FR\",\"potentialAction\":[{\"@type\":\"ReadAction\",\"target\":[\"https:\\\/\\\/aassdn.org\\\/amicale\\\/cotisation\\\/\"]}]},{\"@type\":\"BreadcrumbList\",\"@id\":\"https:\\\/\\\/aassdn.org\\\/amicale\\\/cotisation\\\/#breadcrumb\",\"itemListElement\":[{\"@type\":\"ListItem\",\"position\":1,\"name\":\"Accueil\",\"item\":\"https:\\\/\\\/aassdn.org\\\/amicale\\\/\"},{\"@type\":\"ListItem\",\"position\":2,\"name\":\"Cotisation annuelle\"}]},{\"@type\":\"WebSite\",\"@id\":\"https:\\\/\\\/aassdn.org\\\/amicale\\\/#website\",\"url\":\"https:\\\/\\\/aassdn.org\\\/amicale\\\/\",\"name\":\"AASSDN | Anciens et Amis des Services Sp\u00e9ciaux\",\"description\":\"Services sp\u00e9ciaux : Des h\u00e9ros anonymes au service exclusif de la France\",\"publisher\":{\"@id\":\"https:\\\/\\\/aassdn.org\\\/amicale\\\/#organization\"},\"potentialAction\":[{\"@type\":\"SearchAction\",\"target\":{\"@type\":\"EntryPoint\",\"urlTemplate\":\"https:\\\/\\\/aassdn.org\\\/amicale\\\/?s={search_term_string}\"},\"query-input\":{\"@type\":\"PropertyValueSpecification\",\"valueRequired\":true,\"valueName\":\"search_term_string\"}}],\"inLanguage\":\"fr-FR\"},{\"@type\":\"Organization\",\"@id\":\"https:\\\/\\\/aassdn.org\\\/amicale\\\/#organization\",\"name\":\"AASSDN | Anciens et Amis des Services Sp\u00e9ciaux\",\"url\":\"https:\\\/\\\/aassdn.org\\\/amicale\\\/\",\"logo\":{\"@type\":\"ImageObject\",\"inLanguage\":\"fr-FR\",\"@id\":\"https:\\\/\\\/aassdn.org\\\/amicale\\\/#\\\/schema\\\/logo\\\/image\\\/\",\"url\":\"https:\\\/\\\/aassdn.org\\\/amicale\\\/wp-content\\\/uploads\\\/Logo_AASSDN_transparent2.png\",\"contentUrl\":\"https:\\\/\\\/aassdn.org\\\/amicale\\\/wp-content\\\/uploads\\\/Logo_AASSDN_transparent2.png\",\"width\":1832,\"height\":1609,\"caption\":\"AASSDN | Anciens et Amis des Services Sp\u00e9ciaux\"},\"image\":{\"@id\":\"https:\\\/\\\/aassdn.org\\\/amicale\\\/#\\\/schema\\\/logo\\\/image\\\/\"}}]}<\/script>\n<!-- \/ Yoast SEO plugin. -->","yoast_head_json":{"title":"Cotisation annuelle | AASSDN | Anciens et Amis des Services Sp\u00e9ciaux","robots":{"index":"index","follow":"follow","max-snippet":"max-snippet:-1","max-image-preview":"max-image-preview:large","max-video-preview":"max-video-preview:-1"},"canonical":"https:\/\/aassdn.org\/amicale\/cotisation\/","og_locale":"fr_FR","og_type":"article","og_title":"Cotisation annuelle | AASSDN | Anciens et Amis des Services Sp\u00e9ciaux","og_description":"Afin de r\u00e9gler votre cotisation, cliquez sur le bouton + \u00e0 droite puis \u00e9tape suivante.Indiquer uniquement les deux premi\u00e8res lettres de votre pr\u00e9nom et nom et si possible votre num\u00e9ro d&#8217;adh\u00e9rent. Cliquer ensuite sur le bouton &#8220;Ce participant va effectuer le paiement&#8221; et renseigner votre adresse email, puis cliquez sur \u00e9tape suivante. Enfin, sur la [&hellip;]","og_url":"https:\/\/aassdn.org\/amicale\/cotisation\/","og_site_name":"AASSDN | Anciens et Amis des Services Sp\u00e9ciaux","article_modified_time":"2025-03-03T14:35:49+00:00","twitter_card":"summary_large_image","twitter_misc":{"Dur\u00e9e de lecture estim\u00e9e":"1 minute"},"schema":{"@context":"https:\/\/schema.org","@graph":[{"@type":"WebPage","@id":"https:\/\/aassdn.org\/amicale\/cotisation\/","url":"https:\/\/aassdn.org\/amicale\/cotisation\/","name":"Cotisation annuelle | AASSDN | Anciens et Amis des Services Sp\u00e9ciaux","isPartOf":{"@id":"https:\/\/aassdn.org\/amicale\/#website"},"datePublished":"2023-06-07T14:26:45+00:00","dateModified":"2025-03-03T14:35:49+00:00","breadcrumb":{"@id":"https:\/\/aassdn.org\/amicale\/cotisation\/#breadcrumb"},"inLanguage":"fr-FR","potentialAction":[{"@type":"ReadAction","target":["https:\/\/aassdn.org\/amicale\/cotisation\/"]}]},{"@type":"BreadcrumbList","@id":"https:\/\/aassdn.org\/amicale\/cotisation\/#breadcrumb","itemListElement":[{"@type":"ListItem","position":1,"name":"Accueil","item":"https:\/\/aassdn.org\/amicale\/"},{"@type":"ListItem","position":2,"name":"Cotisation annuelle"}]},{"@type":"WebSite","@id":"https:\/\/aassdn.org\/amicale\/#website","url":"https:\/\/aassdn.org\/amicale\/","name":"AASSDN | Anciens et Amis des Services Sp\u00e9ciaux","description":"Services sp\u00e9ciaux : Des h\u00e9ros anonymes au service exclusif de la France","publisher":{"@id":"https:\/\/aassdn.org\/amicale\/#organization"},"potentialAction":[{"@type":"SearchAction","target":{"@type":"EntryPoint","urlTemplate":"https:\/\/aassdn.org\/amicale\/?s={search_term_string}"},"query-input":{"@type":"PropertyValueSpecification","valueRequired":true,"valueName":"search_term_string"}}],"inLanguage":"fr-FR"},{"@type":"Organization","@id":"https:\/\/aassdn.org\/amicale\/#organization","name":"AASSDN | Anciens et Amis des Services Sp\u00e9ciaux","url":"https:\/\/aassdn.org\/amicale\/","logo":{"@type":"ImageObject","inLanguage":"fr-FR","@id":"https:\/\/aassdn.org\/amicale\/#\/schema\/logo\/image\/","url":"https:\/\/aassdn.org\/amicale\/wp-content\/uploads\/Logo_AASSDN_transparent2.png","contentUrl":"https:\/\/aassdn.org\/amicale\/wp-content\/uploads\/Logo_AASSDN_transparent2.png","width":1832,"height":1609,"caption":"AASSDN | Anciens et Amis des Services Sp\u00e9ciaux"},"image":{"@id":"https:\/\/aassdn.org\/amicale\/#\/schema\/logo\/image\/"}}]}},"_links":{"self":[{"href":"https:\/\/aassdn.org\/amicale\/wp-json\/wp\/v2\/pages\/6857","targetHints":{"allow":["GET"]}}],"collection":[{"href":"https:\/\/aassdn.org\/amicale\/wp-json\/wp\/v2\/pages"}],"about":[{"href":"https:\/\/aassdn.org\/amicale\/wp-json\/wp\/v2\/types\/page"}],"author":[{"embeddable":true,"href":"https:\/\/aassdn.org\/amicale\/wp-json\/wp\/v2\/users\/1"}],"replies":[{"embeddable":true,"href":"https:\/\/aassdn.org\/amicale\/wp-json\/wp\/v2\/comments?post=6857"}],"version-history":[{"count":0,"href":"https:\/\/aassdn.org\/amicale\/wp-json\/wp\/v2\/pages\/6857\/revisions"}],"wp:attachment":[{"href":"https:\/\/aassdn.org\/amicale\/wp-json\/wp\/v2\/media?parent=6857"}],"wp:term":[{"taxonomy":"category","embeddable":true,"href":"https:\/\/aassdn.org\/amicale\/wp-json\/wp\/v2\/categories?post=6857"}],"curies":[{"name":"wp","href":"https:\/\/api.w.org\/{rel}","templated":true}]}}