{"id":4276,"date":"2021-11-01T21:37:46","date_gmt":"2021-11-01T20:37:46","guid":{"rendered":"https:\/\/aassdn.org\/amicale\/?page_id=4276"},"modified":"2023-12-01T17:26:52","modified_gmt":"2023-12-01T16:26:52","slug":"personnalites-marquantes","status":"publish","type":"page","link":"https:\/\/aassdn.org\/amicale\/personnalites-marquantes\/","title":{"rendered":"Personnalit\u00e9s marquantes"},"content":{"rendered":"<div data-colibri-id=\"4276-c1\" class=\"style-648 style-local-4276-c1 position-relative\">\n  <!---->\n  <div data-colibri-component=\"section\" data-colibri-id=\"4276-c2\" id=\"reusable-sections\" class=\"h-section h-section-global-spacing d-flex align-items-lg-center align-items-md-center align-items-center style-649 style-local-4276-c2 position-relative\">\n    <!---->\n    <!---->\n    <div class=\"h-section-grid-container h-section-fluid-container\">\n      <!---->\n      <div data-colibri-id=\"4276-c3\" class=\"h-row-container gutters-row-lg-2 gutters-row-md-2 gutters-row-0 gutters-row-v-lg-2 gutters-row-v-md-2 gutters-row-v-2 style-653 style-local-4276-c3 position-relative\">\n        <!---->\n        <div class=\"h-row justify-content-lg-center justify-content-md-center justify-content-center align-items-lg-stretch align-items-md-stretch align-items-stretch gutters-col-lg-2 gutters-col-md-2 gutters-col-0 gutters-col-v-lg-2 gutters-col-v-md-2 gutters-col-v-2\">\n          <!---->\n          <div class=\"h-column h-column-container d-flex h-col-lg-auto h-col-md-auto h-col-auto style-654-outer style-local-4276-c4-outer\">\n            <div data-colibri-id=\"4276-c4\" class=\"d-flex h-flex-basis h-column__inner h-px-lg-2 h-px-md-2 h-px-2 v-inner-lg-2 v-inner-md-2 v-inner-2 style-654 style-local-4276-c4 position-relative\">\n              <!---->\n              <!---->\n              <div class=\"w-100 h-y-container h-column__content h-column__v-align flex-basis-100 align-self-lg-start align-self-md-start align-self-start\">\n                <!---->\n                <div data-colibri-id=\"4276-c5\" data-aos=\"fadeInUp\" class=\"h-text h-text-component style-655 style-local-4276-c5 position-relative h-element\">\n                  <!---->\n                  <!---->\n                  <div class=\"\">\n                    <p>\n                      <a href=\"https:\/\/aassdn.org\/amicale\/articles\/personnalites\/amiral-wilhem-canaris\" style=\"color: rgb(7, 85, 164); font-size: 1em; font-weight: 400; font-family: &quot;Open Sans&quot;;\">Amiral Wilhem Canaris<\/a>\n                    <\/p>\n                    <p>\n                      <a href=\"https:\/\/aassdn.org\/amicale\/articles\/personnalites\/andre-manuel\" style=\"color: rgb(7, 85, 164); font-size: 1em; font-weight: 400; font-family: &quot;Open Sans&quot;;\">Andr\u00e9 Manuel<\/a>\n                    <\/p>\n                    <p>\n                      <a href=\"https:\/\/aassdn.org\/amicale\/articles\/personnalites\/capitaine-pierre-fourcaud\" style=\"color: rgb(7, 85, 164); font-size: 1em; font-weight: 400; font-family: &quot;Open Sans&quot;;\">Capitaine Pierre Fourcaud<\/a>\n                    <\/p>\n                    <p>\n                      <a href=\"https:\/\/aassdn.org\/amicale\/articles\/personnalites\/colonel-andre-serot\" style=\"color: rgb(7, 85, 164); font-size: 1em; font-weight: 400; font-family: &quot;Open Sans&quot;;\">Colonel Andr\u00e9 Serot<\/a>\n                    <\/p>\n                    <p>\n                      <a href=\"https:\/\/aassdn.org\/amicale\/articles\/personnalites\/colonel-passy-andre-dewavrin\" style=\"color: rgb(7, 85, 164); font-size: 1em; font-weight: 400; font-family: &quot;Open Sans&quot;;\">Colonel Passy (Andr\u00e9 Dewavrin)<\/a>\n                    <\/p>\n                    <p>\n                      <a href=\"https:\/\/aassdn.org\/amicale\/articles\/personnalites\/colonel-paul-paillole\" style=\"color: rgb(7, 85, 164); font-size: 1em; font-weight: 400; font-family: &quot;Open Sans&quot;;\">Colonel Paul Paillole<\/a>\n                    <\/p>\n                    <p>\n                      <a href=\"https:\/\/aassdn.org\/amicale\/articles\/personnalites\/colonel-remy-gilbert-renault\" style=\"color: rgb(7, 85, 164); font-size: 1em; font-weight: 400; font-family: &quot;Open Sans&quot;;\">Colonel Remy (Gilbert Renault)<\/a>\n                    <\/p>\n                    <p>\n                      <a href=\"https:\/\/aassdn.org\/amicale\/articles\/personnalites\/colonel-verneuil-marcel-lafont\" style=\"color: rgb(7, 85, 164); font-size: 1em; font-weight: 400; font-family: &quot;Open Sans&quot;;\">Colonel Verneuil (Marcel Lafont)<\/a>\n                    <\/p>\n                    <p>\n                      <a href=\"https:\/\/aassdn.org\/amicale\/articles\/personnalites\/general-albert-charles-meyer\" style=\"color: rgb(7, 85, 164); font-size: 1em; font-weight: 400; font-family: &quot;Open Sans&quot;;\">General Albert-Charles Meyer<\/a>\n                    <\/p>\n                    <p>\n                      <a href=\"https:\/\/aassdn.org\/amicale\/articles\/personnalites\/general-charles-de-gaulle\" style=\"color: rgb(7, 85, 164); font-size: 1em; font-weight: 400; font-family: &quot;Open Sans&quot;;\">G\u00e9n\u00e9ral Charles de Gaulle<\/a>\n                    <\/p>\n                  <\/div>\n                <\/div>\n              <\/div>\n            <\/div>\n          <\/div>\n          <div class=\"h-column h-column-container d-flex h-col-lg-auto h-col-md-auto h-col-auto style-656-outer style-local-4276-c6-outer\">\n            <div data-colibri-id=\"4276-c6\" class=\"d-flex h-flex-basis h-column__inner h-px-lg-2 h-px-md-2 h-px-2 v-inner-lg-2 v-inner-md-2 v-inner-2 style-656 style-local-4276-c6 position-relative\">\n              <!---->\n              <!---->\n              <div class=\"w-100 h-y-container h-column__content h-column__v-align flex-basis-100 align-self-lg-start align-self-md-start align-self-start\">\n                <!---->\n                <div data-colibri-id=\"4276-c7\" data-aos=\"fadeInUp\" class=\"h-text h-text-component style-657 style-local-4276-c7 position-relative h-element\">\n                  <!---->\n                  <!---->\n                  <div class=\"\">\n                    <p>\n                      <a href=\"https:\/\/aassdn.org\/amicale\/articles\/personnalites\/general-guy-schlesser\" style=\"font-family: &quot;Open Sans&quot;; font-weight: 400; font-size: 1em; color: rgb(7, 85, 164);\">G\u00e9n\u00e9ral Guy Schlesser<\/a>\n                    <\/p>\n                    <p>\n                      <a href=\"https:\/\/aassdn.org\/amicale\/articles\/personnalites\/general-henri-navarre\" style=\"font-family: &quot;Open Sans&quot;; font-weight: 400; font-size: 1em; color: rgb(7, 85, 164);\">G\u00e9n\u00e9ral Henri Navarre<\/a>\n                    <\/p>\n                    <p>\n                      <a href=\"https:\/\/aassdn.org\/amicale\/articles\/personnalites\/general-louis-rivet\" style=\"font-family: &quot;Open Sans&quot;; font-weight: 400; font-size: 1em; color: rgb(7, 85, 164);\">G\u00e9n\u00e9ral Louis Rivet<\/a>\n                    <\/p>\n                    <p>\n                      <a href=\"https:\/\/aassdn.org\/amicale\/articles\/personnalites\/general-pichot-duclos\" style=\"font-family: &quot;Open Sans&quot;; font-weight: 400; font-size: 1em; color: rgb(7, 85, 164);\">G\u00e9n\u00e9ral Pichot-Duclos<\/a>\n                    <\/p>\n                    <p>\n                      <a href=\"https:\/\/aassdn.org\/amicale\/articles\/personnalites\/henri-frenay\" style=\"font-family: &quot;Open Sans&quot;; font-weight: 400; font-size: 1em; color: rgb(7, 85, 164);\">Henri Frenay<\/a>\n                    <\/p>\n                    <p>\n                      <a href=\"https:\/\/aassdn.org\/amicale\/articles\/personnalites\/henri-giraud\" style=\"font-family: &quot;Open Sans&quot;; font-weight: 400; font-size: 1em; color: rgb(7, 85, 164);\">Henri Giraud<\/a>\n                    <\/p>\n                    <p>\n                      <a href=\"https:\/\/aassdn.org\/amicale\/articles\/personnalites\/lieutenant-colonel-perruche\" style=\"font-family: &quot;Open Sans&quot;; font-weight: 400; font-size: 1em; color: rgb(7, 85, 164);\">Lieutenant Colonel Perruche<\/a>\n                    <\/p>\n                    <p>\n                      <a href=\"https:\/\/aassdn.org\/amicale\/articles\/personnalites\/michel-thoraval\" style=\"font-family: &quot;Open Sans&quot;; font-weight: 400; font-size: 1em; color: rgb(7, 85, 164);\">Michel Thoraval<\/a>\n                    <\/p>\n                    <p>\n                      <a href=\"https:\/\/aassdn.org\/amicale\/articles\/personnalites\/pierre-brossolette\" style=\"font-family: &quot;Open Sans&quot;; font-weight: 400; font-size: 1em; color: rgb(7, 85, 164);\">Pierre Brossolette<\/a>\n                    <\/p>\n                    <p>\n                      <a href=\"https:\/\/aassdn.org\/amicale\/articles\/personnalites\/roger-wybot-roger-warin\" style=\"font-family: &quot;Open Sans&quot;; font-weight: 400; font-size: 1em; color: rgb(7, 85, 164);\">Roger Wybot (Roger Warin)<\/a>\n                    <\/p>\n                  <\/div>\n                <\/div>\n              <\/div>\n            <\/div>\n          <\/div>\n        <\/div>\n      <\/div>\n    <\/div>\n  <\/div>\n<\/div>","protected":false},"excerpt":{"rendered":"<p>Amiral Wilhem Canaris Andr\u00e9 Manuel Capitaine Pierre Fourcaud Colonel Andr\u00e9 Serot Colonel Passy (Andr\u00e9 Dewavrin) Colonel Paul Paillole Colonel Remy (Gilbert Renault) Colonel Verneuil (Marcel Lafont) General Albert-Charles Meyer G\u00e9n\u00e9ral Charles de Gaulle G\u00e9n\u00e9ral Guy Schlesser G\u00e9n\u00e9ral Henri Navarre G\u00e9n\u00e9ral Louis Rivet G\u00e9n\u00e9ral Pichot-Duclos Henri Frenay Henri Giraud Lieutenant Colonel Perruche Michel Thoraval Pierre Brossolette [&hellip;]<\/p>\n","protected":false},"author":1,"featured_media":0,"parent":0,"menu_order":0,"comment_status":"closed","ping_status":"closed","template":"page-templates\/full-width-page.php","meta":{"_acf_changed":false,"footnotes":""},"categories":[],"class_list":["post-4276","page","type-page","status-publish","hentry"],"acf":[],"yoast_head":"<!-- This site is optimized with the Yoast SEO plugin v27.5 - https:\/\/yoast.com\/product\/yoast-seo-wordpress\/ -->\n<title>Personnalit\u00e9s marquantes | AASSDN | Anciens et Amis des Services Sp\u00e9ciaux<\/title>\n<meta name=\"robots\" content=\"index, follow, max-snippet:-1, max-image-preview:large, max-video-preview:-1\" \/>\n<link rel=\"canonical\" href=\"https:\/\/aassdn.org\/amicale\/personnalites-marquantes\/\" \/>\n<meta property=\"og:locale\" content=\"fr_FR\" \/>\n<meta property=\"og:type\" content=\"article\" \/>\n<meta property=\"og:title\" content=\"Personnalit\u00e9s marquantes | AASSDN | Anciens et Amis des Services Sp\u00e9ciaux\" \/>\n<meta property=\"og:description\" content=\"Amiral Wilhem Canaris Andr\u00e9 Manuel Capitaine Pierre Fourcaud Colonel Andr\u00e9 Serot Colonel Passy (Andr\u00e9 Dewavrin) Colonel Paul Paillole Colonel Remy (Gilbert Renault) Colonel Verneuil (Marcel Lafont) General Albert-Charles Meyer G\u00e9n\u00e9ral Charles de Gaulle G\u00e9n\u00e9ral Guy Schlesser G\u00e9n\u00e9ral Henri Navarre G\u00e9n\u00e9ral Louis Rivet G\u00e9n\u00e9ral Pichot-Duclos Henri Frenay Henri Giraud Lieutenant Colonel Perruche Michel Thoraval Pierre Brossolette [&hellip;]\" \/>\n<meta property=\"og:url\" content=\"https:\/\/aassdn.org\/amicale\/personnalites-marquantes\/\" \/>\n<meta property=\"og:site_name\" content=\"AASSDN | Anciens et Amis des Services Sp\u00e9ciaux\" \/>\n<meta property=\"article:modified_time\" content=\"2023-12-01T16:26:52+00:00\" \/>\n<meta name=\"twitter:card\" content=\"summary_large_image\" \/>\n<script type=\"application\/ld+json\" class=\"yoast-schema-graph\">{\"@context\":\"https:\\\/\\\/schema.org\",\"@graph\":[{\"@type\":\"WebPage\",\"@id\":\"https:\\\/\\\/aassdn.org\\\/amicale\\\/personnalites-marquantes\\\/\",\"url\":\"https:\\\/\\\/aassdn.org\\\/amicale\\\/personnalites-marquantes\\\/\",\"name\":\"Personnalit\u00e9s marquantes | AASSDN | Anciens et Amis des Services Sp\u00e9ciaux\",\"isPartOf\":{\"@id\":\"https:\\\/\\\/aassdn.org\\\/amicale\\\/#website\"},\"datePublished\":\"2021-11-01T20:37:46+00:00\",\"dateModified\":\"2023-12-01T16:26:52+00:00\",\"breadcrumb\":{\"@id\":\"https:\\\/\\\/aassdn.org\\\/amicale\\\/personnalites-marquantes\\\/#breadcrumb\"},\"inLanguage\":\"fr-FR\",\"potentialAction\":[{\"@type\":\"ReadAction\",\"target\":[\"https:\\\/\\\/aassdn.org\\\/amicale\\\/personnalites-marquantes\\\/\"]}]},{\"@type\":\"BreadcrumbList\",\"@id\":\"https:\\\/\\\/aassdn.org\\\/amicale\\\/personnalites-marquantes\\\/#breadcrumb\",\"itemListElement\":[{\"@type\":\"ListItem\",\"position\":1,\"name\":\"Accueil\",\"item\":\"https:\\\/\\\/aassdn.org\\\/amicale\\\/\"},{\"@type\":\"ListItem\",\"position\":2,\"name\":\"Personnalit\u00e9s marquantes\"}]},{\"@type\":\"WebSite\",\"@id\":\"https:\\\/\\\/aassdn.org\\\/amicale\\\/#website\",\"url\":\"https:\\\/\\\/aassdn.org\\\/amicale\\\/\",\"name\":\"AASSDN | Anciens et Amis des Services Sp\u00e9ciaux\",\"description\":\"Services sp\u00e9ciaux : Des h\u00e9ros anonymes au service exclusif de la France\",\"publisher\":{\"@id\":\"https:\\\/\\\/aassdn.org\\\/amicale\\\/#organization\"},\"potentialAction\":[{\"@type\":\"SearchAction\",\"target\":{\"@type\":\"EntryPoint\",\"urlTemplate\":\"https:\\\/\\\/aassdn.org\\\/amicale\\\/?s={search_term_string}\"},\"query-input\":{\"@type\":\"PropertyValueSpecification\",\"valueRequired\":true,\"valueName\":\"search_term_string\"}}],\"inLanguage\":\"fr-FR\"},{\"@type\":\"Organization\",\"@id\":\"https:\\\/\\\/aassdn.org\\\/amicale\\\/#organization\",\"name\":\"AASSDN | Anciens et Amis des Services Sp\u00e9ciaux\",\"url\":\"https:\\\/\\\/aassdn.org\\\/amicale\\\/\",\"logo\":{\"@type\":\"ImageObject\",\"inLanguage\":\"fr-FR\",\"@id\":\"https:\\\/\\\/aassdn.org\\\/amicale\\\/#\\\/schema\\\/logo\\\/image\\\/\",\"url\":\"https:\\\/\\\/aassdn.org\\\/amicale\\\/wp-content\\\/uploads\\\/Logo_AASSDN_transparent2.png\",\"contentUrl\":\"https:\\\/\\\/aassdn.org\\\/amicale\\\/wp-content\\\/uploads\\\/Logo_AASSDN_transparent2.png\",\"width\":1832,\"height\":1609,\"caption\":\"AASSDN | Anciens et Amis des Services Sp\u00e9ciaux\"},\"image\":{\"@id\":\"https:\\\/\\\/aassdn.org\\\/amicale\\\/#\\\/schema\\\/logo\\\/image\\\/\"}}]}<\/script>\n<!-- \/ Yoast SEO plugin. -->","yoast_head_json":{"title":"Personnalit\u00e9s marquantes | AASSDN | Anciens et Amis des Services Sp\u00e9ciaux","robots":{"index":"index","follow":"follow","max-snippet":"max-snippet:-1","max-image-preview":"max-image-preview:large","max-video-preview":"max-video-preview:-1"},"canonical":"https:\/\/aassdn.org\/amicale\/personnalites-marquantes\/","og_locale":"fr_FR","og_type":"article","og_title":"Personnalit\u00e9s marquantes | AASSDN | Anciens et Amis des Services Sp\u00e9ciaux","og_description":"Amiral Wilhem Canaris Andr\u00e9 Manuel Capitaine Pierre Fourcaud Colonel Andr\u00e9 Serot Colonel Passy (Andr\u00e9 Dewavrin) Colonel Paul Paillole Colonel Remy (Gilbert Renault) Colonel Verneuil (Marcel Lafont) General Albert-Charles Meyer G\u00e9n\u00e9ral Charles de Gaulle G\u00e9n\u00e9ral Guy Schlesser G\u00e9n\u00e9ral Henri Navarre G\u00e9n\u00e9ral Louis Rivet G\u00e9n\u00e9ral Pichot-Duclos Henri Frenay Henri Giraud Lieutenant Colonel Perruche Michel Thoraval Pierre Brossolette [&hellip;]","og_url":"https:\/\/aassdn.org\/amicale\/personnalites-marquantes\/","og_site_name":"AASSDN | Anciens et Amis des Services Sp\u00e9ciaux","article_modified_time":"2023-12-01T16:26:52+00:00","twitter_card":"summary_large_image","schema":{"@context":"https:\/\/schema.org","@graph":[{"@type":"WebPage","@id":"https:\/\/aassdn.org\/amicale\/personnalites-marquantes\/","url":"https:\/\/aassdn.org\/amicale\/personnalites-marquantes\/","name":"Personnalit\u00e9s marquantes | AASSDN | Anciens et Amis des Services Sp\u00e9ciaux","isPartOf":{"@id":"https:\/\/aassdn.org\/amicale\/#website"},"datePublished":"2021-11-01T20:37:46+00:00","dateModified":"2023-12-01T16:26:52+00:00","breadcrumb":{"@id":"https:\/\/aassdn.org\/amicale\/personnalites-marquantes\/#breadcrumb"},"inLanguage":"fr-FR","potentialAction":[{"@type":"ReadAction","target":["https:\/\/aassdn.org\/amicale\/personnalites-marquantes\/"]}]},{"@type":"BreadcrumbList","@id":"https:\/\/aassdn.org\/amicale\/personnalites-marquantes\/#breadcrumb","itemListElement":[{"@type":"ListItem","position":1,"name":"Accueil","item":"https:\/\/aassdn.org\/amicale\/"},{"@type":"ListItem","position":2,"name":"Personnalit\u00e9s marquantes"}]},{"@type":"WebSite","@id":"https:\/\/aassdn.org\/amicale\/#website","url":"https:\/\/aassdn.org\/amicale\/","name":"AASSDN | Anciens et Amis des Services Sp\u00e9ciaux","description":"Services sp\u00e9ciaux : Des h\u00e9ros anonymes au service exclusif de la France","publisher":{"@id":"https:\/\/aassdn.org\/amicale\/#organization"},"potentialAction":[{"@type":"SearchAction","target":{"@type":"EntryPoint","urlTemplate":"https:\/\/aassdn.org\/amicale\/?s={search_term_string}"},"query-input":{"@type":"PropertyValueSpecification","valueRequired":true,"valueName":"search_term_string"}}],"inLanguage":"fr-FR"},{"@type":"Organization","@id":"https:\/\/aassdn.org\/amicale\/#organization","name":"AASSDN | Anciens et Amis des Services Sp\u00e9ciaux","url":"https:\/\/aassdn.org\/amicale\/","logo":{"@type":"ImageObject","inLanguage":"fr-FR","@id":"https:\/\/aassdn.org\/amicale\/#\/schema\/logo\/image\/","url":"https:\/\/aassdn.org\/amicale\/wp-content\/uploads\/Logo_AASSDN_transparent2.png","contentUrl":"https:\/\/aassdn.org\/amicale\/wp-content\/uploads\/Logo_AASSDN_transparent2.png","width":1832,"height":1609,"caption":"AASSDN | Anciens et Amis des Services Sp\u00e9ciaux"},"image":{"@id":"https:\/\/aassdn.org\/amicale\/#\/schema\/logo\/image\/"}}]}},"_links":{"self":[{"href":"https:\/\/aassdn.org\/amicale\/wp-json\/wp\/v2\/pages\/4276","targetHints":{"allow":["GET"]}}],"collection":[{"href":"https:\/\/aassdn.org\/amicale\/wp-json\/wp\/v2\/pages"}],"about":[{"href":"https:\/\/aassdn.org\/amicale\/wp-json\/wp\/v2\/types\/page"}],"author":[{"embeddable":true,"href":"https:\/\/aassdn.org\/amicale\/wp-json\/wp\/v2\/users\/1"}],"replies":[{"embeddable":true,"href":"https:\/\/aassdn.org\/amicale\/wp-json\/wp\/v2\/comments?post=4276"}],"version-history":[{"count":0,"href":"https:\/\/aassdn.org\/amicale\/wp-json\/wp\/v2\/pages\/4276\/revisions"}],"wp:attachment":[{"href":"https:\/\/aassdn.org\/amicale\/wp-json\/wp\/v2\/media?parent=4276"}],"wp:term":[{"taxonomy":"category","embeddable":true,"href":"https:\/\/aassdn.org\/amicale\/wp-json\/wp\/v2\/categories?post=4276"}],"curies":[{"name":"wp","href":"https:\/\/api.w.org\/{rel}","templated":true}]}}