{"id":326,"date":"2021-10-29T07:46:24","date_gmt":"2021-10-29T05:46:24","guid":{"rendered":"https:\/\/aassdn.org\/amicale\/search_gcse\/"},"modified":"2024-03-14T17:11:08","modified_gmt":"2024-03-14T16:11:08","slug":"recherche-archives","status":"publish","type":"page","link":"https:\/\/aassdn.org\/amicale\/recherche-archives\/","title":{"rendered":"Recherche dans les archives"},"content":{"rendered":"<div data-colibri-id=\"326-c1\" class=\"style-282 style-local-326-c1 position-relative\">\n  <!---->\n  <div data-colibri-component=\"section\" data-colibri-id=\"326-c2\" id=\"head\" class=\"h-section h-section-global-spacing d-flex align-items-lg-center align-items-md-center align-items-center style-875 style-local-326-c2 position-relative\">\n    <!---->\n    <!---->\n    <div class=\"h-section-grid-container h-section-boxed-container\">\n      <!---->\n      <div data-colibri-id=\"326-c3\" class=\"h-row-container gutters-row-lg-1 gutters-row-md-1 gutters-row-2 gutters-row-v-lg-1 gutters-row-v-md-1 gutters-row-v-2 style-876 style-local-326-c3 position-relative\">\n        <!---->\n        <div class=\"h-row justify-content-lg-center justify-content-md-center justify-content-center align-items-lg-stretch align-items-md-stretch align-items-stretch gutters-col-lg-1 gutters-col-md-1 gutters-col-2 gutters-col-v-lg-1 gutters-col-v-md-1 gutters-col-v-2\">\n          <!---->\n          <div class=\"h-column h-column-container d-flex h-col-lg-3 h-col-md-3 h-col-12 style-877-outer style-local-326-c4-outer\">\n            <div data-colibri-id=\"326-c4\" class=\"d-flex h-flex-basis h-column__inner h-px-lg-1 h-px-md-3 h-px-2 v-inner-lg-1 v-inner-md-3 v-inner-2 style-877 style-local-326-c4 position-relative\">\n              <!---->\n              <!---->\n              <div class=\"w-100 h-y-container h-column__content h-column__v-align flex-basis-100 align-self-lg-start align-self-md-start align-self-start\">\n                <!---->\n                <div data-colibri-id=\"326-c5\" class=\"h-icon style-878 style-local-326-c5 position-relative h-element\">\n                  <!----><span class=\"h-svg-icon h-icon__icon style-878-icon style-local-326-c5-icon\"><!--Icon by Ionicons (https:\/\/ionicons.com)--><svg version=\"1.1\" xmlns=\"http:\/\/www.w3.org\/2000\/svg\" xmlns:xlink=\"http:\/\/www.w3.org\/1999\/xlink\" id=\"document-text\" viewBox=\"0 0 288 512\"><path d=\"M286 169c1 3 2 6 2 10v245c0 13-10 24-22 24H23c-12 0-23-11-23-24V88c0-13 11-24 23-24h160c3 0 6 0 9 2 2 1 5 3 7 5l84 92c2 2 2 4 3 6zM48 179v10c0 1 1 3 3 3h71c2 0 3-2 3-3v-10c0-2-1-3-3-3H51c-2 0-3 1-3 3zm0 128v10c0 1 1 3 3 3h123c2 0 2-2 2-3v-10c0-2 0-3-2-3H51c-2 0-3 1-3 3zm160 74v-10c0-2 0-3-2-3H51c-2 0-3 1-3 3v10c0 1 1 3 3 3h155c2 0 2-2 2-3zm32-128v-10c0-2 0-3-2-3H51c-2 0-3 1-3 3v10c0 1 1 3 3 3h187c2 0 2-2 2-3zm-47-75h60l-71-78v66c0 6 5 12 11 12z\"><\/path><\/svg><\/span><\/div>\n                <div\n                  data-colibri-id=\"326-c6\" class=\"h-global-transition-all h-heading style-879 style-local-326-c6 position-relative h-element\">\n                  <!---->\n                  <div class=\"h-heading__outer style-879 style-local-326-c6\">\n                    <!---->\n                    <!---->\n                    <h5 class=\"\">ARCHIVES<\/h5>\n                  <\/div>\n              <\/div>\n              <div data-colibri-id=\"326-c7\" class=\"h-text h-text-component style-880 style-local-326-c7 position-relative h-element\">\n                <!---->\n                <!---->\n                <div class=\"\">\n                  <p>Utilisez le formulaire ci-dessous pour rechercher dans l&#8217;ensemble du site<\/p>\n                <\/div>\n              <\/div>\n            <\/div>\n          <\/div>\n        <\/div>\n        <div class=\"h-column h-column-container d-flex h-col-lg-3 h-col-md-3 h-col-12 style-877-outer style-local-326-c8-outer\">\n          <div data-colibri-id=\"326-c8\" class=\"d-flex h-flex-basis h-column__inner h-px-lg-1 h-px-md-3 h-px-2 v-inner-lg-1 v-inner-md-3 v-inner-2 style-877 style-local-326-c8 position-relative\">\n            <!---->\n            <!---->\n            <div class=\"w-100 h-y-container h-column__content h-column__v-align flex-basis-100 align-self-lg-start align-self-md-start align-self-start\">\n              <!---->\n              <div data-colibri-id=\"326-c9\" class=\"h-icon style-878 style-local-326-c9 position-relative h-element\">\n                <!---->\n                <a href=\"https:\/\/aassdn.org\/amicale\/lieux-de-memoire\/\" h-use-smooth-scroll=\"true\"><span class=\"h-svg-icon h-icon__icon style-878-icon style-local-326-c9-icon\"><!--Icon by Ionicons (https:\/\/ionicons.com)--><svg version=\"1.1\" xmlns=\"http:\/\/www.w3.org\/2000\/svg\" xmlns:xlink=\"http:\/\/www.w3.org\/1999\/xlink\" id=\"ios-location\" viewBox=\"0 0 288 512\"><path d=\"M144 32c80 0 144 64 144 144 0 112-144 304-144 304S0 288 0 176C0 96 64 32 144 32zm0 191c26 0 47-21 47-47s-21-47-47-47-47 21-47 47 21 47 47 47z\"><\/path><\/svg><\/span><\/a>\n              <\/div>\n              <div data-colibri-id=\"326-c10\" class=\"h-global-transition-all h-heading style-879 style-local-326-c10 position-relative h-element\">\n                <!---->\n                <div class=\"h-heading__outer style-879 style-local-326-c10\">\n                  <!---->\n                  <!---->\n                  <a href=\"https:\/\/aassdn.org\/amicale\/lieux-de-memoire\/\" h-use-smooth-scroll=\"true\">\n                    <h5 class=\"\">Lieux<\/h5>\n                  <\/a>\n                <\/div>\n              <\/div>\n              <div data-colibri-id=\"326-c11\" class=\"h-text h-text-component style-880 style-local-326-c11 position-relative h-element\">\n                <!---->\n                <!---->\n                <div class=\"\">\n                  <p>Recherche de lieux de m\u00e9moire pr\u00e8s de chez vous en France<\/p>\n                <\/div>\n              <\/div>\n            <\/div>\n          <\/div>\n        <\/div>\n        <div class=\"h-column h-column-container d-flex h-col-lg-3 h-col-md-3 h-col-12 style-877-outer style-local-326-c12-outer\">\n          <div data-colibri-id=\"326-c12\" class=\"d-flex h-flex-basis h-column__inner h-px-lg-1 h-px-md-3 h-px-2 v-inner-lg-1 v-inner-md-3 v-inner-2 style-877 style-local-326-c12 position-relative\">\n            <!---->\n            <!---->\n            <div class=\"w-100 h-y-container h-column__content h-column__v-align flex-basis-100 align-self-lg-start align-self-md-start align-self-start\">\n              <!---->\n              <div data-colibri-id=\"326-c13\" class=\"h-icon style-878 style-local-326-c13 position-relative h-element\">\n                <!---->\n                <a href=\"https:\/\/aassdn.org\/amicale\/noms-cites-dans-les-ouvrages\/\" h-use-smooth-scroll=\"true\"><span class=\"h-svg-icon h-icon__icon style-878-icon style-local-326-c13-icon\"><!--Icon by Font Awesome (https:\/\/fontawesome.com)-->\n    <svg version=\"1.1\" xmlns=\"http:\/\/www.w3.org\/2000\/svg\" xmlns:xlink=\"http:\/\/www.w3.org\/1999\/xlink\" id=\"user\" viewBox=\"0 0 1354.8114 1896.0833\">\n      <path d=\"M1280 1399q0 109-62.5 187t-150.5 78H213q-88 0-150.5-78T0 1399q0-85 8.5-160.5t31.5-152 58.5-131 94-89T327 832q131 128 313 128t313-128q76 0 134.5 34.5t94 89 58.5 131 31.5 152 8.5 160.5zm-256-887q0 159-112.5 271.5T640 896 368.5 783.5 256 512t112.5-271.5T640 128t271.5 112.5T1024 512z\"><\/path>\n    <\/svg><\/span><\/a>\n              <\/div>\n              <div data-colibri-id=\"326-c14\" class=\"h-global-transition-all h-heading style-879 style-local-326-c14 position-relative h-element\">\n                <!---->\n                <div class=\"h-heading__outer style-879 style-local-326-c14\">\n                  <!---->\n                  <!---->\n                  <a href=\"https:\/\/aassdn.org\/amicale\/noms-cites-dans-les-ouvrages\/\" h-use-smooth-scroll=\"true\">\n                    <h5 class=\"\">NOMS CIT\u00e9s<\/h5>\n                  <\/a>\n                <\/div>\n              <\/div>\n              <div data-colibri-id=\"326-c15\" class=\"h-text h-text-component style-880 style-local-326-c15 position-relative h-element\">\n                <!---->\n                <!---->\n                <div class=\"\">\n                  <p>Recherche de noms cit\u00e9s dans les ouvrages de r\u00e9f\u00e9rence<\/p>\n                <\/div>\n              <\/div>\n            <\/div>\n          <\/div>\n        <\/div>\n      <\/div>\n    <\/div>\n  <\/div>\n<\/div>\n<div data-colibri-component=\"section\" data-colibri-id=\"326-c16\" id=\"search-2\" class=\"h-section h-section-global-spacing d-flex align-items-lg-center align-items-md-center align-items-center style-287 style-local-326-c16 position-relative\">\n  <!---->\n  <!---->\n  <div class=\"h-section-grid-container h-section-boxed-container\">\n    <!---->\n    <div data-colibri-id=\"326-c17\" class=\"h-row-container gutters-row-lg-3 gutters-row-md-3 gutters-row-0 gutters-row-v-lg-3 gutters-row-v-md-3 gutters-row-v-3 style-930 style-local-326-c17 position-relative\">\n      <!---->\n      <div class=\"h-row justify-content-lg-center justify-content-md-center justify-content-center align-items-lg-stretch align-items-md-stretch align-items-stretch gutters-col-lg-3 gutters-col-md-3 gutters-col-0 gutters-col-v-lg-3 gutters-col-v-md-3 gutters-col-v-3\">\n        <!---->\n        <div class=\"h-column h-column-container d-flex h-col-lg-auto h-col-md-auto h-col-auto style-931-outer style-local-326-c18-outer\">\n          <div data-colibri-id=\"326-c18\" class=\"d-flex h-flex-basis h-column__inner h-px-lg-2 h-px-md-2 h-px-2 v-inner-lg-2 v-inner-md-2 v-inner-2 style-931 style-local-326-c18 position-relative\">\n            <!---->\n            <!---->\n            <div class=\"w-100 h-y-container h-column__content h-column__v-align flex-basis-100 align-self-lg-start align-self-md-start align-self-start\">\n              <!---->\n              <div data-colibri-id=\"326-c19\" class=\"style-1000 style-local-326-c19 position-relative h-element\">\n                <!---->\n                <div class=\"\"><!-- Widget Shortcode --><div id=\"wgs_widget-2\" class=\"widget widget_wgs_widget widget-shortcode area-arbitrary \"><div class=\"wgs_wrapper\"><div class=\"gcse-search\" data-resultsUrl=\"https:\/\/aassdn.org\/amicale\/recherche-archives\/\"><\/div><\/div><\/div><!-- \/Widget Shortcode --><\/div>\n              <\/div>\n            <\/div>\n          <\/div>\n        <\/div>\n      <\/div>\n    <\/div>\n  <\/div>\n<\/div>\n<\/div>","protected":false},"excerpt":{"rendered":"<p>Search Results<\/p>\n","protected":false},"author":1,"featured_media":0,"parent":0,"menu_order":0,"comment_status":"closed","ping_status":"closed","template":"page-templates\/full-width-page.php","meta":{"_acf_changed":false,"footnotes":""},"categories":[],"class_list":["post-326","page","type-page","status-publish","hentry"],"acf":[],"yoast_head":"<!-- This site is optimized with the Yoast SEO plugin v27.4 - https:\/\/yoast.com\/product\/yoast-seo-wordpress\/ -->\n<title>Recherche dans les archives | AASSDN | Anciens et Amis des Services Sp\u00e9ciaux<\/title>\n<meta name=\"robots\" content=\"index, follow, max-snippet:-1, max-image-preview:large, max-video-preview:-1\" \/>\n<link rel=\"canonical\" href=\"https:\/\/aassdn.org\/amicale\/recherche-archives\/\" \/>\n<meta property=\"og:locale\" content=\"fr_FR\" \/>\n<meta property=\"og:type\" content=\"article\" \/>\n<meta property=\"og:title\" content=\"Recherche dans les archives | AASSDN | Anciens et Amis des Services Sp\u00e9ciaux\" \/>\n<meta property=\"og:description\" content=\"Search Results\" \/>\n<meta property=\"og:url\" content=\"https:\/\/aassdn.org\/amicale\/recherche-archives\/\" \/>\n<meta property=\"og:site_name\" content=\"AASSDN | Anciens et Amis des Services Sp\u00e9ciaux\" \/>\n<meta property=\"article:modified_time\" content=\"2024-03-14T16:11:08+00:00\" \/>\n<meta name=\"twitter:card\" content=\"summary_large_image\" \/>\n<script type=\"application\/ld+json\" class=\"yoast-schema-graph\">{\"@context\":\"https:\\\/\\\/schema.org\",\"@graph\":[{\"@type\":\"WebPage\",\"@id\":\"https:\\\/\\\/aassdn.org\\\/amicale\\\/recherche-archives\\\/\",\"url\":\"https:\\\/\\\/aassdn.org\\\/amicale\\\/recherche-archives\\\/\",\"name\":\"Recherche dans les archives | AASSDN | Anciens et Amis des Services Sp\u00e9ciaux\",\"isPartOf\":{\"@id\":\"https:\\\/\\\/aassdn.org\\\/amicale\\\/#website\"},\"datePublished\":\"2021-10-29T05:46:24+00:00\",\"dateModified\":\"2024-03-14T16:11:08+00:00\",\"breadcrumb\":{\"@id\":\"https:\\\/\\\/aassdn.org\\\/amicale\\\/recherche-archives\\\/#breadcrumb\"},\"inLanguage\":\"fr-FR\",\"potentialAction\":[{\"@type\":\"ReadAction\",\"target\":[\"https:\\\/\\\/aassdn.org\\\/amicale\\\/recherche-archives\\\/\"]}]},{\"@type\":\"BreadcrumbList\",\"@id\":\"https:\\\/\\\/aassdn.org\\\/amicale\\\/recherche-archives\\\/#breadcrumb\",\"itemListElement\":[{\"@type\":\"ListItem\",\"position\":1,\"name\":\"Accueil\",\"item\":\"https:\\\/\\\/aassdn.org\\\/amicale\\\/\"},{\"@type\":\"ListItem\",\"position\":2,\"name\":\"Recherche dans les archives\"}]},{\"@type\":\"WebSite\",\"@id\":\"https:\\\/\\\/aassdn.org\\\/amicale\\\/#website\",\"url\":\"https:\\\/\\\/aassdn.org\\\/amicale\\\/\",\"name\":\"AASSDN | Anciens et Amis des Services Sp\u00e9ciaux\",\"description\":\"Services sp\u00e9ciaux : Des h\u00e9ros anonymes au service exclusif de la France\",\"publisher\":{\"@id\":\"https:\\\/\\\/aassdn.org\\\/amicale\\\/#organization\"},\"potentialAction\":[{\"@type\":\"SearchAction\",\"target\":{\"@type\":\"EntryPoint\",\"urlTemplate\":\"https:\\\/\\\/aassdn.org\\\/amicale\\\/?s={search_term_string}\"},\"query-input\":{\"@type\":\"PropertyValueSpecification\",\"valueRequired\":true,\"valueName\":\"search_term_string\"}}],\"inLanguage\":\"fr-FR\"},{\"@type\":\"Organization\",\"@id\":\"https:\\\/\\\/aassdn.org\\\/amicale\\\/#organization\",\"name\":\"AASSDN | Anciens et Amis des Services Sp\u00e9ciaux\",\"url\":\"https:\\\/\\\/aassdn.org\\\/amicale\\\/\",\"logo\":{\"@type\":\"ImageObject\",\"inLanguage\":\"fr-FR\",\"@id\":\"https:\\\/\\\/aassdn.org\\\/amicale\\\/#\\\/schema\\\/logo\\\/image\\\/\",\"url\":\"https:\\\/\\\/aassdn.org\\\/amicale\\\/wp-content\\\/uploads\\\/Logo_AASSDN_transparent2.png\",\"contentUrl\":\"https:\\\/\\\/aassdn.org\\\/amicale\\\/wp-content\\\/uploads\\\/Logo_AASSDN_transparent2.png\",\"width\":1832,\"height\":1609,\"caption\":\"AASSDN | Anciens et Amis des Services Sp\u00e9ciaux\"},\"image\":{\"@id\":\"https:\\\/\\\/aassdn.org\\\/amicale\\\/#\\\/schema\\\/logo\\\/image\\\/\"}}]}<\/script>\n<!-- \/ Yoast SEO plugin. -->","yoast_head_json":{"title":"Recherche dans les archives | AASSDN | Anciens et Amis des Services Sp\u00e9ciaux","robots":{"index":"index","follow":"follow","max-snippet":"max-snippet:-1","max-image-preview":"max-image-preview:large","max-video-preview":"max-video-preview:-1"},"canonical":"https:\/\/aassdn.org\/amicale\/recherche-archives\/","og_locale":"fr_FR","og_type":"article","og_title":"Recherche dans les archives | AASSDN | Anciens et Amis des Services Sp\u00e9ciaux","og_description":"Search Results","og_url":"https:\/\/aassdn.org\/amicale\/recherche-archives\/","og_site_name":"AASSDN | Anciens et Amis des Services Sp\u00e9ciaux","article_modified_time":"2024-03-14T16:11:08+00:00","twitter_card":"summary_large_image","schema":{"@context":"https:\/\/schema.org","@graph":[{"@type":"WebPage","@id":"https:\/\/aassdn.org\/amicale\/recherche-archives\/","url":"https:\/\/aassdn.org\/amicale\/recherche-archives\/","name":"Recherche dans les archives | AASSDN | Anciens et Amis des Services Sp\u00e9ciaux","isPartOf":{"@id":"https:\/\/aassdn.org\/amicale\/#website"},"datePublished":"2021-10-29T05:46:24+00:00","dateModified":"2024-03-14T16:11:08+00:00","breadcrumb":{"@id":"https:\/\/aassdn.org\/amicale\/recherche-archives\/#breadcrumb"},"inLanguage":"fr-FR","potentialAction":[{"@type":"ReadAction","target":["https:\/\/aassdn.org\/amicale\/recherche-archives\/"]}]},{"@type":"BreadcrumbList","@id":"https:\/\/aassdn.org\/amicale\/recherche-archives\/#breadcrumb","itemListElement":[{"@type":"ListItem","position":1,"name":"Accueil","item":"https:\/\/aassdn.org\/amicale\/"},{"@type":"ListItem","position":2,"name":"Recherche dans les archives"}]},{"@type":"WebSite","@id":"https:\/\/aassdn.org\/amicale\/#website","url":"https:\/\/aassdn.org\/amicale\/","name":"AASSDN | Anciens et Amis des Services Sp\u00e9ciaux","description":"Services sp\u00e9ciaux : Des h\u00e9ros anonymes au service exclusif de la France","publisher":{"@id":"https:\/\/aassdn.org\/amicale\/#organization"},"potentialAction":[{"@type":"SearchAction","target":{"@type":"EntryPoint","urlTemplate":"https:\/\/aassdn.org\/amicale\/?s={search_term_string}"},"query-input":{"@type":"PropertyValueSpecification","valueRequired":true,"valueName":"search_term_string"}}],"inLanguage":"fr-FR"},{"@type":"Organization","@id":"https:\/\/aassdn.org\/amicale\/#organization","name":"AASSDN | Anciens et Amis des Services Sp\u00e9ciaux","url":"https:\/\/aassdn.org\/amicale\/","logo":{"@type":"ImageObject","inLanguage":"fr-FR","@id":"https:\/\/aassdn.org\/amicale\/#\/schema\/logo\/image\/","url":"https:\/\/aassdn.org\/amicale\/wp-content\/uploads\/Logo_AASSDN_transparent2.png","contentUrl":"https:\/\/aassdn.org\/amicale\/wp-content\/uploads\/Logo_AASSDN_transparent2.png","width":1832,"height":1609,"caption":"AASSDN | Anciens et Amis des Services Sp\u00e9ciaux"},"image":{"@id":"https:\/\/aassdn.org\/amicale\/#\/schema\/logo\/image\/"}}]}},"_links":{"self":[{"href":"https:\/\/aassdn.org\/amicale\/wp-json\/wp\/v2\/pages\/326","targetHints":{"allow":["GET"]}}],"collection":[{"href":"https:\/\/aassdn.org\/amicale\/wp-json\/wp\/v2\/pages"}],"about":[{"href":"https:\/\/aassdn.org\/amicale\/wp-json\/wp\/v2\/types\/page"}],"author":[{"embeddable":true,"href":"https:\/\/aassdn.org\/amicale\/wp-json\/wp\/v2\/users\/1"}],"replies":[{"embeddable":true,"href":"https:\/\/aassdn.org\/amicale\/wp-json\/wp\/v2\/comments?post=326"}],"version-history":[{"count":0,"href":"https:\/\/aassdn.org\/amicale\/wp-json\/wp\/v2\/pages\/326\/revisions"}],"wp:attachment":[{"href":"https:\/\/aassdn.org\/amicale\/wp-json\/wp\/v2\/media?parent=326"}],"wp:term":[{"taxonomy":"category","embeddable":true,"href":"https:\/\/aassdn.org\/amicale\/wp-json\/wp\/v2\/categories?post=326"}],"curies":[{"name":"wp","href":"https:\/\/api.w.org\/{rel}","templated":true}]}}