{"id":3144,"date":"2021-10-30T14:39:58","date_gmt":"2021-10-30T12:39:58","guid":{"rendered":"https:\/\/aassdn.org\/amicale\/?page_id=3144"},"modified":"2025-10-10T11:28:37","modified_gmt":"2025-10-10T09:28:37","slug":"les-membres","status":"publish","type":"page","link":"https:\/\/aassdn.org\/amicale\/les-membres\/","title":{"rendered":"Les membres de l&#8217;AASSDN"},"content":{"rendered":"<div data-colibri-id=\"3144-c1\" class=\"style-789 style-local-3144-c1 position-relative\">\n  <!---->\n  <div data-colibri-component=\"section\" data-colibri-id=\"3144-c2\" id=\"about\" class=\"h-section h-section-global-spacing d-flex align-items-lg-center align-items-md-center align-items-center style-794 style-local-3144-c2 position-relative\">\n    <!---->\n    <!---->\n    <div class=\"h-section-grid-container h-section-boxed-container\">\n      <!---->\n      <div data-colibri-id=\"3144-c3\" class=\"h-row-container gutters-row-lg-2 gutters-row-md-2 gutters-row-2 gutters-row-v-lg-2 gutters-row-v-md-2 gutters-row-v-2 style-795 style-local-3144-c3 position-relative\">\n        <!---->\n        <div class=\"h-row justify-content-lg-center justify-content-md-center justify-content-center align-items-lg-stretch align-items-md-stretch align-items-stretch gutters-col-lg-2 gutters-col-md-2 gutters-col-2 gutters-col-v-lg-2 gutters-col-v-md-2 gutters-col-v-2\">\n          <!---->\n          <div class=\"h-column h-column-container d-flex h-col-lg-auto h-col-md-auto h-col-auto style-796-outer style-local-3144-c4-outer\">\n            <div data-colibri-id=\"3144-c4\" class=\"d-flex h-flex-basis h-column__inner h-px-lg-2 h-px-md-2 h-px-2 v-inner-lg-2 v-inner-md-2 v-inner-2 style-796 style-local-3144-c4 position-relative\">\n              <!---->\n              <!---->\n              <div class=\"w-100 h-y-container h-column__content h-column__v-align flex-basis-100 align-self-lg-start align-self-md-start align-self-start\">\n                <!---->\n                <div data-colibri-id=\"3144-c5\" class=\"h-global-transition-all h-heading style-809 style-local-3144-c5 position-relative h-element\">\n                  <!---->\n                  <div class=\"h-heading__outer style-809 style-local-3144-c5\">\n                    <!---->\n                    <!---->\n                    <h3 class=\"\">Peuvent \u00eatre admis&nbsp;comme\n                      <br>membres de plein droit<\/h3>\n                  <\/div>\n                <\/div>\n                <div data-colibri-id=\"3144-c6\" class=\"h-lead h-text h-text-component style-799 style-local-3144-c6 position-relative h-element\">\n                  <!---->\n                  <!---->\n                  <div class=\"\">\n                    <p><span style=\"font-weight: 700;\">A<\/span><span style=\"font-weight: 700; font-size: 20px; font-family: &quot;Open Sans&quot;; color: rgb(37, 41, 42);\">u titre de la Seconde Guerre Mondiale :<\/span><\/p>\n                    <p>Les membres des services et r\u00e9seaux de renseignement, de contre-espionnage, de s\u00e9curit\u00e9 et d\u2019action relevant des arm\u00e9es, et ceux des services et r\u00e9seaux qui leur ont \u00e9t\u00e9 associ\u00e9s par la loi sur l\u2019\u00e9tat de si\u00e8ge ainsi que les membres\n                      d\u2019autres r\u00e9seaux de renseignement ayant au m\u00eame titre concouru \u00e0 la R\u00e9sistance et \u00e0 la Lib\u00e9ration de la France. Ils doivent pouvoir attester de 90 jours au moins de services rendus ou, exceptionnellement, justifier de titres de r\u00e9sistance\n                      et d\u2019au moins une action au profit de l\u2019un de ces services ou r\u00e9seaux.<\/p>\n                    <p><strong>Post\u00e9rieurement \u00e0 la Seconde Guerre Mondiale :&nbsp;<\/strong><\/p>\n                    <p>Les membres des Services Sp\u00e9ciaux tels que d\u00e9finis par les pr\u00e9sents statuts ayant \u00e9t\u00e9 affect\u00e9s pendant 90 jours au moins \u00e0 un th\u00e9\u00e2tre d\u2019op\u00e9rations ext\u00e9rieures ou pendant un an minimum dans un de ces services ou une de ces unit\u00e9s ou\n                      bien justifiant d\u2019actions \u00e0 leur profit.<\/p>\n                    <p><strong>Au titre, en g\u00e9n\u00e9ral, de la fonction Renseignement et des op\u00e9rations sp\u00e9ciales :<\/strong><\/p>\n                    <p>Les personnels ayant particip\u00e9, de mani\u00e8re av\u00e9r\u00e9e pendant un an au moins, \u00e0 la recherche, au traitement, \u00e0 l\u2019exploitation de renseignement dans le domaine de la D\u00e9fense, de la s\u00e9curit\u00e9 ou de la protection des int\u00e9r\u00eats de la Nation,\n                      ou au titre des op\u00e9rations sp\u00e9ciales.<\/p>\n                    <p><strong>Par d\u00e9rogations exceptionnelles accord\u00e9es par le Conseil d\u2019Administration :<\/strong><\/p>\n                    <p><strong>\u2013&nbsp;<\/strong>Les personnes attestant de mani\u00e8re indubitable d\u2019activit\u00e9s effectives dans la clandestinit\u00e9 au cours de la Deuxi\u00e8me Guerre Mondiale ou, post\u00e9rieurement, au profit des Services Sp\u00e9ciaux en g\u00e9n\u00e9ral,<\/p>\n                    <p><strong>\u2013&nbsp;<\/strong>Les conjoints, ascendants ou descendants directs des membres d\u00e9c\u00e9d\u00e9s.<\/p>\n                    <p>\n                      <br>\n                    <\/p>\n                  <\/div>\n                <\/div>\n                <div data-colibri-id=\"3144-c7\" class=\"h-x-container style-800 style-local-3144-c7 position-relative h-element\">\n                  <!---->\n                  <div class=\"h-x-container-inner style-dynamic-3144-c7-group style-800-spacing style-local-3144-c7-spacing\"><span class=\"h-button__outer style-801-outer style-local-3144-c8-outer d-inline-flex h-element\"><a h-use-smooth-scroll=\"true\" href=\"https:\/\/aassdn.org\/amicale\/demande-adhesion\/\"  data-colibri-id=\"3144-c8\" class=\"d-flex w-100 align-items-center h-button justify-content-lg-center justify-content-md-center justify-content-center style-801 style-local-3144-c8 position-relative\"><!----><!----> <span>JE DEMANDE MON ADH\u00e9SION<\/span><\/a>\n                    <\/span>\n                  <\/div>\n                <\/div>\n              <\/div>\n            <\/div>\n          <\/div>\n          <div class=\"h-column h-column-container d-flex h-col-lg-auto h-col-md-auto h-col-auto style-802-outer style-local-3144-c9-outer\">\n            <div data-colibri-id=\"3144-c9\" class=\"d-flex h-flex-basis h-column__inner h-px-lg-2 h-px-md-2 h-px-2 v-inner-lg-2 v-inner-md-2 v-inner-2 style-802 style-local-3144-c9 position-relative\">\n              <!---->\n              <!---->\n              <div class=\"w-100 h-y-container h-column__content h-column__v-align flex-basis-100 align-self-lg-start align-self-md-start align-self-start\">\n                <!---->\n                <div data-colibri-id=\"3144-c10\" class=\"h-global-transition-all h-heading style-809 style-local-3144-c10 position-relative h-element\">\n                  <!---->\n                  <div class=\"h-heading__outer style-809 style-local-3144-c10\">\n                    <!---->\n                    <!---->\n                    <h3 class=\"\">Les autres membres pouvant\n                      <br>\u00eatre&nbsp;admis&nbsp;comme adh\u00e9rents<\/h3>\n                  <\/div>\n                <\/div>\n                <div data-colibri-id=\"3144-c11\" class=\"h-lead h-text h-text-component style-799 style-local-3144-c11 position-relative h-element\">\n                  <!---->\n                  <!---->\n                  <div class=\"\">\n                    <p><strong>Membres honoraires<\/strong>\n                      <br>Peuvent \u00eatre admis comme membres honoraires,&nbsp;les personnes qui apportent un concours effectif \u00e0 la r\u00e9alisation des buts et des moyens d\u2019action de l\u2019association et partagent l\u2019esprit qui l\u2019anime.<\/p>\n                    <p><strong>Membres bienfaiteurs<\/strong>\n                      <br>Re\u00e7oivent la qualit\u00e9 de membres bienfaiteurs,&nbsp;les personnes ayant fait soit des dons financiers, mobiliers, immobiliers ou fonciers importants, soit des donations ou pris des dispositions testamentaires en faveur de l\u2019association.<\/p>\n                    <p><strong>Membres associ\u00e9s<\/strong><\/p>\n                    <p>Peuvent \u00eatre admis comme membres associ\u00e9s<em>,&nbsp;<\/em>apr\u00e8s approbation par le Conseil d\u2019Administration, les personnes qui partagent l\u2019esprit de l\u2019association, sa d\u00e9ontologie et les valeurs qu\u2019elle d\u00e9fend et qui manifestent une\n                      motivation conforme \u00e0 ses buts et \u00e0 ses id\u00e9aux. Des personnalit\u00e9s \u00e9trang\u00e8res peuvent \u00e9ventuellement \u00eatre admises comme tels apr\u00e8s approbation de leur candidature par le Conseil d\u2019Administration.<\/p>\n                    <p><strong>Amis et membres d\u2019honneur<\/strong><\/p>\n                    <p>Peuvent \u00eatre admis comme membres amis apr\u00e8s approbation par le conseil d\u2019administration : les personnes qui partagent l\u2019esprit de l\u2019association, sa d\u00e9ontologie, et les valeurs qu\u2019elle d\u00e9fend et qui&nbsp;manifestent une motivation conforme\n                      \u00e0 ses buts et ses id\u00e9aux, les personnes qui ont travaill\u00e9 ou enseign\u00e9 dans l\u2019intelligence \u00e9conomique pour le compte des diff\u00e9rents&nbsp;minist\u00e8res concern\u00e9s, les conjoints, ascendants, descendants ou collat\u00e9raux directs de membres\n                      d\u00e9c\u00e9d\u00e9s.<\/p>\n                    <p>\n                      <br>\n                    <\/p>\n                  <\/div>\n                <\/div>\n                <div data-colibri-id=\"3144-c12\" class=\"h-x-container style-810 style-local-3144-c12 position-relative h-element\">\n                  <!---->\n                  <div class=\"h-x-container-inner style-dynamic-3144-c12-group style-810-spacing style-local-3144-c12-spacing\"><span class=\"h-button__outer style-811-outer style-local-3144-c13-outer d-inline-flex h-element\"><a h-use-smooth-scroll=\"true\" href=\"https:\/\/aassdn.org\/amicale\/demande-adhesion\/\"  data-colibri-id=\"3144-c13\" class=\"d-flex w-100 align-items-center h-button justify-content-lg-center justify-content-md-center justify-content-center style-811 style-local-3144-c13 position-relative\"><!----><!----> <span>Je demande mon adh\u00e9sion<\/span><\/a>\n                    <\/span>\n                  <\/div>\n                <\/div>\n              <\/div>\n            <\/div>\n          <\/div>\n        <\/div>\n      <\/div>\n    <\/div>\n  <\/div>\n<\/div>","protected":false},"excerpt":{"rendered":"<p>Peuvent \u00eatre admis&nbsp;comme membres de plein droit Au titre de la Seconde Guerre Mondiale : Les membres des services et r\u00e9seaux de renseignement, de contre-espionnage, de s\u00e9curit\u00e9 et d\u2019action relevant des arm\u00e9es, et ceux des services et r\u00e9seaux qui leur ont \u00e9t\u00e9 associ\u00e9s par la loi sur l\u2019\u00e9tat de si\u00e8ge ainsi que les membres d\u2019autres [&hellip;]<\/p>\n","protected":false},"author":1,"featured_media":0,"parent":0,"menu_order":0,"comment_status":"closed","ping_status":"closed","template":"page-templates\/full-width-page.php","meta":{"_acf_changed":false,"footnotes":""},"categories":[],"class_list":["post-3144","page","type-page","status-publish","hentry"],"acf":[],"yoast_head":"<!-- This site is optimized with the Yoast SEO plugin v27.4 - https:\/\/yoast.com\/product\/yoast-seo-wordpress\/ -->\n<title>Les membres de l&#039;AASSDN | AASSDN | Anciens et Amis des Services Sp\u00e9ciaux<\/title>\n<meta name=\"robots\" content=\"index, follow, max-snippet:-1, max-image-preview:large, max-video-preview:-1\" \/>\n<link rel=\"canonical\" href=\"https:\/\/aassdn.org\/amicale\/les-membres\/\" \/>\n<meta property=\"og:locale\" content=\"fr_FR\" \/>\n<meta property=\"og:type\" content=\"article\" \/>\n<meta property=\"og:title\" content=\"Les membres de l&#039;AASSDN | AASSDN | Anciens et Amis des Services Sp\u00e9ciaux\" \/>\n<meta property=\"og:description\" content=\"Peuvent \u00eatre admis&nbsp;comme membres de plein droit Au titre de la Seconde Guerre Mondiale : Les membres des services et r\u00e9seaux de renseignement, de contre-espionnage, de s\u00e9curit\u00e9 et d\u2019action relevant des arm\u00e9es, et ceux des services et r\u00e9seaux qui leur ont \u00e9t\u00e9 associ\u00e9s par la loi sur l\u2019\u00e9tat de si\u00e8ge ainsi que les membres d\u2019autres [&hellip;]\" \/>\n<meta property=\"og:url\" content=\"https:\/\/aassdn.org\/amicale\/les-membres\/\" \/>\n<meta property=\"og:site_name\" content=\"AASSDN | Anciens et Amis des Services Sp\u00e9ciaux\" \/>\n<meta property=\"article:modified_time\" content=\"2025-10-10T09:28:37+00:00\" \/>\n<meta name=\"twitter:card\" content=\"summary_large_image\" \/>\n<meta name=\"twitter:label1\" content=\"Dur\u00e9e de lecture estim\u00e9e\" \/>\n\t<meta name=\"twitter:data1\" content=\"3 minutes\" \/>\n<script type=\"application\/ld+json\" class=\"yoast-schema-graph\">{\"@context\":\"https:\\\/\\\/schema.org\",\"@graph\":[{\"@type\":\"WebPage\",\"@id\":\"https:\\\/\\\/aassdn.org\\\/amicale\\\/les-membres\\\/\",\"url\":\"https:\\\/\\\/aassdn.org\\\/amicale\\\/les-membres\\\/\",\"name\":\"Les membres de l'AASSDN | AASSDN | Anciens et Amis des Services Sp\u00e9ciaux\",\"isPartOf\":{\"@id\":\"https:\\\/\\\/aassdn.org\\\/amicale\\\/#website\"},\"datePublished\":\"2021-10-30T12:39:58+00:00\",\"dateModified\":\"2025-10-10T09:28:37+00:00\",\"breadcrumb\":{\"@id\":\"https:\\\/\\\/aassdn.org\\\/amicale\\\/les-membres\\\/#breadcrumb\"},\"inLanguage\":\"fr-FR\",\"potentialAction\":[{\"@type\":\"ReadAction\",\"target\":[\"https:\\\/\\\/aassdn.org\\\/amicale\\\/les-membres\\\/\"]}]},{\"@type\":\"BreadcrumbList\",\"@id\":\"https:\\\/\\\/aassdn.org\\\/amicale\\\/les-membres\\\/#breadcrumb\",\"itemListElement\":[{\"@type\":\"ListItem\",\"position\":1,\"name\":\"Accueil\",\"item\":\"https:\\\/\\\/aassdn.org\\\/amicale\\\/\"},{\"@type\":\"ListItem\",\"position\":2,\"name\":\"Les membres de l&#8217;AASSDN\"}]},{\"@type\":\"WebSite\",\"@id\":\"https:\\\/\\\/aassdn.org\\\/amicale\\\/#website\",\"url\":\"https:\\\/\\\/aassdn.org\\\/amicale\\\/\",\"name\":\"AASSDN | Anciens et Amis des Services Sp\u00e9ciaux\",\"description\":\"Services sp\u00e9ciaux : Des h\u00e9ros anonymes au service exclusif de la France\",\"publisher\":{\"@id\":\"https:\\\/\\\/aassdn.org\\\/amicale\\\/#organization\"},\"potentialAction\":[{\"@type\":\"SearchAction\",\"target\":{\"@type\":\"EntryPoint\",\"urlTemplate\":\"https:\\\/\\\/aassdn.org\\\/amicale\\\/?s={search_term_string}\"},\"query-input\":{\"@type\":\"PropertyValueSpecification\",\"valueRequired\":true,\"valueName\":\"search_term_string\"}}],\"inLanguage\":\"fr-FR\"},{\"@type\":\"Organization\",\"@id\":\"https:\\\/\\\/aassdn.org\\\/amicale\\\/#organization\",\"name\":\"AASSDN | Anciens et Amis des Services Sp\u00e9ciaux\",\"url\":\"https:\\\/\\\/aassdn.org\\\/amicale\\\/\",\"logo\":{\"@type\":\"ImageObject\",\"inLanguage\":\"fr-FR\",\"@id\":\"https:\\\/\\\/aassdn.org\\\/amicale\\\/#\\\/schema\\\/logo\\\/image\\\/\",\"url\":\"https:\\\/\\\/aassdn.org\\\/amicale\\\/wp-content\\\/uploads\\\/Logo_AASSDN_transparent2.png\",\"contentUrl\":\"https:\\\/\\\/aassdn.org\\\/amicale\\\/wp-content\\\/uploads\\\/Logo_AASSDN_transparent2.png\",\"width\":1832,\"height\":1609,\"caption\":\"AASSDN | Anciens et Amis des Services Sp\u00e9ciaux\"},\"image\":{\"@id\":\"https:\\\/\\\/aassdn.org\\\/amicale\\\/#\\\/schema\\\/logo\\\/image\\\/\"}}]}<\/script>\n<!-- \/ Yoast SEO plugin. -->","yoast_head_json":{"title":"Les membres de l'AASSDN | AASSDN | Anciens et Amis des Services Sp\u00e9ciaux","robots":{"index":"index","follow":"follow","max-snippet":"max-snippet:-1","max-image-preview":"max-image-preview:large","max-video-preview":"max-video-preview:-1"},"canonical":"https:\/\/aassdn.org\/amicale\/les-membres\/","og_locale":"fr_FR","og_type":"article","og_title":"Les membres de l'AASSDN | AASSDN | Anciens et Amis des Services Sp\u00e9ciaux","og_description":"Peuvent \u00eatre admis&nbsp;comme membres de plein droit Au titre de la Seconde Guerre Mondiale : Les membres des services et r\u00e9seaux de renseignement, de contre-espionnage, de s\u00e9curit\u00e9 et d\u2019action relevant des arm\u00e9es, et ceux des services et r\u00e9seaux qui leur ont \u00e9t\u00e9 associ\u00e9s par la loi sur l\u2019\u00e9tat de si\u00e8ge ainsi que les membres d\u2019autres [&hellip;]","og_url":"https:\/\/aassdn.org\/amicale\/les-membres\/","og_site_name":"AASSDN | Anciens et Amis des Services Sp\u00e9ciaux","article_modified_time":"2025-10-10T09:28:37+00:00","twitter_card":"summary_large_image","twitter_misc":{"Dur\u00e9e de lecture estim\u00e9e":"3 minutes"},"schema":{"@context":"https:\/\/schema.org","@graph":[{"@type":"WebPage","@id":"https:\/\/aassdn.org\/amicale\/les-membres\/","url":"https:\/\/aassdn.org\/amicale\/les-membres\/","name":"Les membres de l'AASSDN | AASSDN | Anciens et Amis des Services Sp\u00e9ciaux","isPartOf":{"@id":"https:\/\/aassdn.org\/amicale\/#website"},"datePublished":"2021-10-30T12:39:58+00:00","dateModified":"2025-10-10T09:28:37+00:00","breadcrumb":{"@id":"https:\/\/aassdn.org\/amicale\/les-membres\/#breadcrumb"},"inLanguage":"fr-FR","potentialAction":[{"@type":"ReadAction","target":["https:\/\/aassdn.org\/amicale\/les-membres\/"]}]},{"@type":"BreadcrumbList","@id":"https:\/\/aassdn.org\/amicale\/les-membres\/#breadcrumb","itemListElement":[{"@type":"ListItem","position":1,"name":"Accueil","item":"https:\/\/aassdn.org\/amicale\/"},{"@type":"ListItem","position":2,"name":"Les membres de l&#8217;AASSDN"}]},{"@type":"WebSite","@id":"https:\/\/aassdn.org\/amicale\/#website","url":"https:\/\/aassdn.org\/amicale\/","name":"AASSDN | Anciens et Amis des Services Sp\u00e9ciaux","description":"Services sp\u00e9ciaux : Des h\u00e9ros anonymes au service exclusif de la France","publisher":{"@id":"https:\/\/aassdn.org\/amicale\/#organization"},"potentialAction":[{"@type":"SearchAction","target":{"@type":"EntryPoint","urlTemplate":"https:\/\/aassdn.org\/amicale\/?s={search_term_string}"},"query-input":{"@type":"PropertyValueSpecification","valueRequired":true,"valueName":"search_term_string"}}],"inLanguage":"fr-FR"},{"@type":"Organization","@id":"https:\/\/aassdn.org\/amicale\/#organization","name":"AASSDN | Anciens et Amis des Services Sp\u00e9ciaux","url":"https:\/\/aassdn.org\/amicale\/","logo":{"@type":"ImageObject","inLanguage":"fr-FR","@id":"https:\/\/aassdn.org\/amicale\/#\/schema\/logo\/image\/","url":"https:\/\/aassdn.org\/amicale\/wp-content\/uploads\/Logo_AASSDN_transparent2.png","contentUrl":"https:\/\/aassdn.org\/amicale\/wp-content\/uploads\/Logo_AASSDN_transparent2.png","width":1832,"height":1609,"caption":"AASSDN | Anciens et Amis des Services Sp\u00e9ciaux"},"image":{"@id":"https:\/\/aassdn.org\/amicale\/#\/schema\/logo\/image\/"}}]}},"_links":{"self":[{"href":"https:\/\/aassdn.org\/amicale\/wp-json\/wp\/v2\/pages\/3144","targetHints":{"allow":["GET"]}}],"collection":[{"href":"https:\/\/aassdn.org\/amicale\/wp-json\/wp\/v2\/pages"}],"about":[{"href":"https:\/\/aassdn.org\/amicale\/wp-json\/wp\/v2\/types\/page"}],"author":[{"embeddable":true,"href":"https:\/\/aassdn.org\/amicale\/wp-json\/wp\/v2\/users\/1"}],"replies":[{"embeddable":true,"href":"https:\/\/aassdn.org\/amicale\/wp-json\/wp\/v2\/comments?post=3144"}],"version-history":[{"count":0,"href":"https:\/\/aassdn.org\/amicale\/wp-json\/wp\/v2\/pages\/3144\/revisions"}],"wp:attachment":[{"href":"https:\/\/aassdn.org\/amicale\/wp-json\/wp\/v2\/media?parent=3144"}],"wp:term":[{"taxonomy":"category","embeddable":true,"href":"https:\/\/aassdn.org\/amicale\/wp-json\/wp\/v2\/categories?post=3144"}],"curies":[{"name":"wp","href":"https:\/\/api.w.org\/{rel}","templated":true}]}}