{"id":10534,"date":"2024-03-16T14:51:41","date_gmt":"2024-03-16T13:51:41","guid":{"rendered":"https:\/\/aassdn.org\/amicale\/?page_id=10534"},"modified":"2024-04-04T11:20:35","modified_gmt":"2024-04-04T09:20:35","slug":"cotisation-paiement-par-cheque","status":"publish","type":"page","link":"https:\/\/aassdn.org\/amicale\/cotisation-paiement-par-cheque\/","title":{"rendered":"Cotisation | paiement par ch\u00e8que"},"content":{"rendered":"\n<div class=\"wp-block-columns is-layout-flex wp-container-core-columns-is-layout-9d6595d7 wp-block-columns-is-layout-flex\">\n<div class=\"wp-block-column is-layout-flow wp-block-column-is-layout-flow\" style=\"flex-basis:25%\"><\/div>\n\n\n\n<div class=\"wp-block-column is-layout-flow wp-block-column-is-layout-flow\" style=\"flex-basis:50%\">\n<p><\/p>\n\n\n\n<p>Les cotisations et dons vers\u00e9s \u00e0 l\u2019AASSDN\u00a0sont d\u00e9ductibles du montant de votre Imp\u00f4t sur le Revenu \u00e0 hauteur de 66% de la somme des versements.<\/p>\n\n\n\n<div class=\"su-box su-box-style-default\" id=\"\" style=\"border-color:#111111;border-radius:3px;max-width:none\"><div class=\"su-box-title\" style=\"background-color:#444444;color:#FFFFFF;border-top-left-radius:1px;border-top-right-radius:1px\">Par ch\u00e8que<\/div><div class=\"su-box-content su-u-clearfix su-u-trim\" style=\"border-bottom-left-radius:1px;border-bottom-right-radius:1px\">Envoyez votre ch\u00e8que par voie postale \u00e0 l\u2019adresse suivante : <\/p>\n\n\n\n<p>A.A.S.S.D.N.                           <br>Pavillon de la M\u00e9moire Combattante                           <br>16 \u2013 18 place Dupleix                           <br>75015 PARIS<\/p>\n\n\n\n<\/div><\/div>\n\n\n\n<div class=\"h-text h-text-component style-1016 style-local-9211-c6 position-relative h-element\" data-colibri-id=\"9211-c6\">\n<div class=\"\">\n<p>Votre contribution est pr\u00e9cieuse pour faire vivre notre amicale et d\u00e9velopper de nouveaux projets.<\/p>\n<p><strong>Merci de votre contribution.<\/strong><\/p>\n<\/div>\n<\/div>\n<\/div>\n\n\n\n<div class=\"wp-block-column is-layout-flow wp-block-column-is-layout-flow\" style=\"flex-basis:25%\"><\/div>\n<\/div>\n","protected":false},"excerpt":{"rendered":"<p>Les cotisations et dons vers\u00e9s \u00e0 l\u2019AASSDN\u00a0sont d\u00e9ductibles du montant de votre Imp\u00f4t sur le Revenu \u00e0 hauteur de 66% de la somme des versements. Votre contribution est pr\u00e9cieuse pour faire vivre notre amicale et d\u00e9velopper de nouveaux projets. Merci de votre contribution.<\/p>\n","protected":false},"author":1,"featured_media":0,"parent":0,"menu_order":0,"comment_status":"closed","ping_status":"closed","template":"","meta":{"_acf_changed":false,"footnotes":""},"categories":[],"class_list":["post-10534","page","type-page","status-publish","hentry"],"acf":[],"yoast_head":"<!-- This site is optimized with the Yoast SEO plugin v27.5 - https:\/\/yoast.com\/product\/yoast-seo-wordpress\/ -->\n<title>Cotisation | paiement par ch\u00e8que | AASSDN | Anciens et Amis des Services Sp\u00e9ciaux<\/title>\n<meta name=\"robots\" content=\"index, follow, max-snippet:-1, max-image-preview:large, max-video-preview:-1\" \/>\n<link rel=\"canonical\" href=\"https:\/\/aassdn.org\/amicale\/cotisation-paiement-par-cheque\/\" \/>\n<meta property=\"og:locale\" content=\"fr_FR\" \/>\n<meta property=\"og:type\" content=\"article\" \/>\n<meta property=\"og:title\" content=\"Cotisation | paiement par ch\u00e8que | AASSDN | Anciens et Amis des Services Sp\u00e9ciaux\" \/>\n<meta property=\"og:description\" content=\"Les cotisations et dons vers\u00e9s \u00e0 l\u2019AASSDN\u00a0sont d\u00e9ductibles du montant de votre Imp\u00f4t sur le Revenu \u00e0 hauteur de 66% de la somme des versements. Votre contribution est pr\u00e9cieuse pour faire vivre notre amicale et d\u00e9velopper de nouveaux projets. Merci de votre contribution.\" \/>\n<meta property=\"og:url\" content=\"https:\/\/aassdn.org\/amicale\/cotisation-paiement-par-cheque\/\" \/>\n<meta property=\"og:site_name\" content=\"AASSDN | Anciens et Amis des Services Sp\u00e9ciaux\" \/>\n<meta property=\"article:modified_time\" content=\"2024-04-04T09:20:35+00:00\" \/>\n<meta name=\"twitter:card\" content=\"summary_large_image\" \/>\n<script type=\"application\/ld+json\" class=\"yoast-schema-graph\">{\"@context\":\"https:\\\/\\\/schema.org\",\"@graph\":[{\"@type\":\"WebPage\",\"@id\":\"https:\\\/\\\/aassdn.org\\\/amicale\\\/cotisation-paiement-par-cheque\\\/\",\"url\":\"https:\\\/\\\/aassdn.org\\\/amicale\\\/cotisation-paiement-par-cheque\\\/\",\"name\":\"Cotisation | paiement par ch\u00e8que | AASSDN | Anciens et Amis des Services Sp\u00e9ciaux\",\"isPartOf\":{\"@id\":\"https:\\\/\\\/aassdn.org\\\/amicale\\\/#website\"},\"datePublished\":\"2024-03-16T13:51:41+00:00\",\"dateModified\":\"2024-04-04T09:20:35+00:00\",\"breadcrumb\":{\"@id\":\"https:\\\/\\\/aassdn.org\\\/amicale\\\/cotisation-paiement-par-cheque\\\/#breadcrumb\"},\"inLanguage\":\"fr-FR\",\"potentialAction\":[{\"@type\":\"ReadAction\",\"target\":[\"https:\\\/\\\/aassdn.org\\\/amicale\\\/cotisation-paiement-par-cheque\\\/\"]}]},{\"@type\":\"BreadcrumbList\",\"@id\":\"https:\\\/\\\/aassdn.org\\\/amicale\\\/cotisation-paiement-par-cheque\\\/#breadcrumb\",\"itemListElement\":[{\"@type\":\"ListItem\",\"position\":1,\"name\":\"Accueil\",\"item\":\"https:\\\/\\\/aassdn.org\\\/amicale\\\/\"},{\"@type\":\"ListItem\",\"position\":2,\"name\":\"Cotisation | paiement par ch\u00e8que\"}]},{\"@type\":\"WebSite\",\"@id\":\"https:\\\/\\\/aassdn.org\\\/amicale\\\/#website\",\"url\":\"https:\\\/\\\/aassdn.org\\\/amicale\\\/\",\"name\":\"AASSDN | Anciens et Amis des Services Sp\u00e9ciaux\",\"description\":\"Services sp\u00e9ciaux : Des h\u00e9ros anonymes au service exclusif de la France\",\"publisher\":{\"@id\":\"https:\\\/\\\/aassdn.org\\\/amicale\\\/#organization\"},\"potentialAction\":[{\"@type\":\"SearchAction\",\"target\":{\"@type\":\"EntryPoint\",\"urlTemplate\":\"https:\\\/\\\/aassdn.org\\\/amicale\\\/?s={search_term_string}\"},\"query-input\":{\"@type\":\"PropertyValueSpecification\",\"valueRequired\":true,\"valueName\":\"search_term_string\"}}],\"inLanguage\":\"fr-FR\"},{\"@type\":\"Organization\",\"@id\":\"https:\\\/\\\/aassdn.org\\\/amicale\\\/#organization\",\"name\":\"AASSDN | Anciens et Amis des Services Sp\u00e9ciaux\",\"url\":\"https:\\\/\\\/aassdn.org\\\/amicale\\\/\",\"logo\":{\"@type\":\"ImageObject\",\"inLanguage\":\"fr-FR\",\"@id\":\"https:\\\/\\\/aassdn.org\\\/amicale\\\/#\\\/schema\\\/logo\\\/image\\\/\",\"url\":\"https:\\\/\\\/aassdn.org\\\/amicale\\\/wp-content\\\/uploads\\\/Logo_AASSDN_transparent2.png\",\"contentUrl\":\"https:\\\/\\\/aassdn.org\\\/amicale\\\/wp-content\\\/uploads\\\/Logo_AASSDN_transparent2.png\",\"width\":1832,\"height\":1609,\"caption\":\"AASSDN | Anciens et Amis des Services Sp\u00e9ciaux\"},\"image\":{\"@id\":\"https:\\\/\\\/aassdn.org\\\/amicale\\\/#\\\/schema\\\/logo\\\/image\\\/\"}}]}<\/script>\n<!-- \/ Yoast SEO plugin. -->","yoast_head_json":{"title":"Cotisation | paiement par ch\u00e8que | AASSDN | Anciens et Amis des Services Sp\u00e9ciaux","robots":{"index":"index","follow":"follow","max-snippet":"max-snippet:-1","max-image-preview":"max-image-preview:large","max-video-preview":"max-video-preview:-1"},"canonical":"https:\/\/aassdn.org\/amicale\/cotisation-paiement-par-cheque\/","og_locale":"fr_FR","og_type":"article","og_title":"Cotisation | paiement par ch\u00e8que | AASSDN | Anciens et Amis des Services Sp\u00e9ciaux","og_description":"Les cotisations et dons vers\u00e9s \u00e0 l\u2019AASSDN\u00a0sont d\u00e9ductibles du montant de votre Imp\u00f4t sur le Revenu \u00e0 hauteur de 66% de la somme des versements. Votre contribution est pr\u00e9cieuse pour faire vivre notre amicale et d\u00e9velopper de nouveaux projets. Merci de votre contribution.","og_url":"https:\/\/aassdn.org\/amicale\/cotisation-paiement-par-cheque\/","og_site_name":"AASSDN | Anciens et Amis des Services Sp\u00e9ciaux","article_modified_time":"2024-04-04T09:20:35+00:00","twitter_card":"summary_large_image","schema":{"@context":"https:\/\/schema.org","@graph":[{"@type":"WebPage","@id":"https:\/\/aassdn.org\/amicale\/cotisation-paiement-par-cheque\/","url":"https:\/\/aassdn.org\/amicale\/cotisation-paiement-par-cheque\/","name":"Cotisation | paiement par ch\u00e8que | AASSDN | Anciens et Amis des Services Sp\u00e9ciaux","isPartOf":{"@id":"https:\/\/aassdn.org\/amicale\/#website"},"datePublished":"2024-03-16T13:51:41+00:00","dateModified":"2024-04-04T09:20:35+00:00","breadcrumb":{"@id":"https:\/\/aassdn.org\/amicale\/cotisation-paiement-par-cheque\/#breadcrumb"},"inLanguage":"fr-FR","potentialAction":[{"@type":"ReadAction","target":["https:\/\/aassdn.org\/amicale\/cotisation-paiement-par-cheque\/"]}]},{"@type":"BreadcrumbList","@id":"https:\/\/aassdn.org\/amicale\/cotisation-paiement-par-cheque\/#breadcrumb","itemListElement":[{"@type":"ListItem","position":1,"name":"Accueil","item":"https:\/\/aassdn.org\/amicale\/"},{"@type":"ListItem","position":2,"name":"Cotisation | paiement par ch\u00e8que"}]},{"@type":"WebSite","@id":"https:\/\/aassdn.org\/amicale\/#website","url":"https:\/\/aassdn.org\/amicale\/","name":"AASSDN | Anciens et Amis des Services Sp\u00e9ciaux","description":"Services sp\u00e9ciaux : Des h\u00e9ros anonymes au service exclusif de la France","publisher":{"@id":"https:\/\/aassdn.org\/amicale\/#organization"},"potentialAction":[{"@type":"SearchAction","target":{"@type":"EntryPoint","urlTemplate":"https:\/\/aassdn.org\/amicale\/?s={search_term_string}"},"query-input":{"@type":"PropertyValueSpecification","valueRequired":true,"valueName":"search_term_string"}}],"inLanguage":"fr-FR"},{"@type":"Organization","@id":"https:\/\/aassdn.org\/amicale\/#organization","name":"AASSDN | Anciens et Amis des Services Sp\u00e9ciaux","url":"https:\/\/aassdn.org\/amicale\/","logo":{"@type":"ImageObject","inLanguage":"fr-FR","@id":"https:\/\/aassdn.org\/amicale\/#\/schema\/logo\/image\/","url":"https:\/\/aassdn.org\/amicale\/wp-content\/uploads\/Logo_AASSDN_transparent2.png","contentUrl":"https:\/\/aassdn.org\/amicale\/wp-content\/uploads\/Logo_AASSDN_transparent2.png","width":1832,"height":1609,"caption":"AASSDN | Anciens et Amis des Services Sp\u00e9ciaux"},"image":{"@id":"https:\/\/aassdn.org\/amicale\/#\/schema\/logo\/image\/"}}]}},"_links":{"self":[{"href":"https:\/\/aassdn.org\/amicale\/wp-json\/wp\/v2\/pages\/10534","targetHints":{"allow":["GET"]}}],"collection":[{"href":"https:\/\/aassdn.org\/amicale\/wp-json\/wp\/v2\/pages"}],"about":[{"href":"https:\/\/aassdn.org\/amicale\/wp-json\/wp\/v2\/types\/page"}],"author":[{"embeddable":true,"href":"https:\/\/aassdn.org\/amicale\/wp-json\/wp\/v2\/users\/1"}],"replies":[{"embeddable":true,"href":"https:\/\/aassdn.org\/amicale\/wp-json\/wp\/v2\/comments?post=10534"}],"version-history":[{"count":0,"href":"https:\/\/aassdn.org\/amicale\/wp-json\/wp\/v2\/pages\/10534\/revisions"}],"wp:attachment":[{"href":"https:\/\/aassdn.org\/amicale\/wp-json\/wp\/v2\/media?parent=10534"}],"wp:term":[{"taxonomy":"category","embeddable":true,"href":"https:\/\/aassdn.org\/amicale\/wp-json\/wp\/v2\/categories?post=10534"}],"curies":[{"name":"wp","href":"https:\/\/api.w.org\/{rel}","templated":true}]}}